{"id":17,"date":"2025-04-28T13:15:25","date_gmt":"2025-04-28T13:15:25","guid":{"rendered":"http:\/\/www.manguerasya.com\/web\/?page_id=17"},"modified":"2025-05-05T18:25:55","modified_gmt":"2025-05-05T18:25:55","slug":"inicio","status":"publish","type":"page","link":"https:\/\/www.manguerasya.com\/web\/inicio\/","title":{"rendered":"Inicio"},"content":{"rendered":"\n<div class=\"wp-block-cover\" style=\"margin-top:0;margin-bottom:0;padding-top:var(--wp--preset--spacing--50);padding-right:var(--wp--preset--spacing--20);padding-bottom:var(--wp--preset--spacing--50);padding-left:var(--wp--preset--spacing--20);min-height:613px;aspect-ratio:unset;\"><span aria-hidden=\"true\" class=\"wp-block-cover__background has-secondary-background-color has-background-dim-100 has-background-dim\"><\/span><div class=\"wp-block-cover__inner-container is-layout-flow wp-block-cover-is-layout-flow\">\n<div class=\"wp-block-group has-global-padding is-layout-constrained wp-container-core-group-is-layout-481dc8fc wp-block-group-is-layout-constrained\" style=\"margin-top:0;margin-bottom:0;padding-top:0;padding-right:0;padding-bottom:0;padding-left:0\">\n<div class=\"wp-block-columns are-vertically-aligned-center is-layout-flex wp-container-core-columns-is-layout-549b0c86 wp-block-columns-is-layout-flex\">\n<div class=\"wp-block-column is-vertically-aligned-center is-layout-flow wp-block-column-is-layout-flow\" style=\"flex-basis:55%\">\n<div class=\"wp-block-group is-layout-flow wp-block-group-is-layout-flow\">\n<h1 class=\"wp-block-heading has-text-align-left has-white-text-color-color has-text-color has-link-color wp-elements-d822be6ab02a6f90fa68d4400a258595\" style=\"font-size:clamp(42.068px, 2.629rem + ((1vw - 3.2px) * 4.123), 80px);line-height:1\"><strong>Mundo Conexiones Mangueras y Filtros<\/strong><\/h1>\n\n\n\n<p class=\"has-text-align-left has-white-text-color-color has-text-color has-link-color wp-elements-f9d061d270631c7ce59b96a566e9c46d\" style=\"margin-top:var(--wp--preset--spacing--30);margin-bottom:var(--wp--preset--spacing--30)\">\u00a1Descubre mundo conexiones, tu mejor aliado en el cuidado y mantenimiento de tu autom\u00f3vil! <\/p>\n\n\n\n<div class=\"wp-block-group is-nowrap is-layout-flex wp-container-core-group-is-layout-bda6638a wp-block-group-is-layout-flex\" style=\"margin-top:1.8rem;margin-bottom:1.8rem\">\n<div class=\"wp-block-group box-shadow has-background is-vertical is-content-justification-center is-layout-flex wp-container-core-group-is-layout-f6f7de0c wp-block-group-is-layout-flex\" style=\"border-radius:10px;background-color:#19212c;padding-top:var(--wp--preset--spacing--10);padding-right:var(--wp--preset--spacing--10);padding-bottom:var(--wp--preset--spacing--10);padding-left:var(--wp--preset--spacing--10)\">\n<p class=\"has-text-align-center has-large-font-size\" style=\"font-style:normal;font-weight:700\"><mark style=\"background-color:rgba(0, 0, 0, 0)\" class=\"has-inline-color has-white-color\">M\u00e1s de <\/mark>9<\/p>\n\n\n\n<p><strong><mark style=\"background-color:rgba(0, 0, 0, 0)\" class=\"has-inline-color has-white-color\">A\u00f1os de experiencia<\/mark><\/strong><\/p>\n<\/div>\n\n\n\n<div class=\"wp-block-group box-shadow has-background is-vertical is-content-justification-center is-layout-flex wp-container-core-group-is-layout-f6f7de0c wp-block-group-is-layout-flex\" style=\"border-radius:10px;background-color:#19212c;padding-top:var(--wp--preset--spacing--10);padding-right:var(--wp--preset--spacing--10);padding-bottom:var(--wp--preset--spacing--10);padding-left:var(--wp--preset--spacing--10)\">\n<p class=\"has-text-align-left has-large-font-size\" style=\"font-style:normal;font-weight:700\"><a href=\"https:\/\/walink.co\/0d2be3\"><strong><mark style=\"background-color:rgba(0, 0, 0, 0)\" class=\"has-inline-color has-white-color\">Cont\u00e1ctanos<\/mark><\/strong><\/a><\/p>\n<\/div>\n<\/div>\n<\/div>\n<\/div>\n\n\n\n<div class=\"wp-block-column is-vertically-aligned-center is-layout-flow wp-block-column-is-layout-flow\">\n<figure class=\"wp-block-image size-full has-custom-border\"><img fetchpriority=\"high\" decoding=\"async\" width=\"1012\" height=\"1011\" src=\"http:\/\/www.manguerasya.com\/web\/wp-content\/uploads\/2025\/05\/WhatsApp-Image-2025-05-05-at-2.16.51-PM.jpeg\" alt=\"\" class=\"wp-image-463\" style=\"border-top-left-radius:100px;border-bottom-right-radius:100px;aspect-ratio:1;object-fit:cover\" srcset=\"https:\/\/www.manguerasya.com\/web\/wp-content\/uploads\/2025\/05\/WhatsApp-Image-2025-05-05-at-2.16.51-PM.jpeg 1012w, https:\/\/www.manguerasya.com\/web\/wp-content\/uploads\/2025\/05\/WhatsApp-Image-2025-05-05-at-2.16.51-PM-300x300.jpeg 300w, https:\/\/www.manguerasya.com\/web\/wp-content\/uploads\/2025\/05\/WhatsApp-Image-2025-05-05-at-2.16.51-PM-150x150.jpeg 150w, https:\/\/www.manguerasya.com\/web\/wp-content\/uploads\/2025\/05\/WhatsApp-Image-2025-05-05-at-2.16.51-PM-768x767.jpeg 768w, https:\/\/www.manguerasya.com\/web\/wp-content\/uploads\/2025\/05\/WhatsApp-Image-2025-05-05-at-2.16.51-PM-600x599.jpeg 600w, https:\/\/www.manguerasya.com\/web\/wp-content\/uploads\/2025\/05\/WhatsApp-Image-2025-05-05-at-2.16.51-PM-100x100.jpeg 100w\" sizes=\"(max-width: 1012px) 100vw, 1012px\" \/><\/figure>\n<\/div>\n<\/div>\n<\/div>\n<\/div><\/div>\n\n\n\n<main class=\"wp-block-group is-layout-flow wp-block-group-is-layout-flow\" style=\"margin-top:0;margin-bottom:0;padding-top:0;padding-right:0;padding-bottom:0;padding-left:0\">\n<div class=\"wp-block-group has-primary-background-color has-background has-global-padding is-layout-constrained wp-container-core-group-is-layout-43a88df6 wp-block-group-is-layout-constrained\" style=\"margin-top:0;margin-bottom:0;padding-top:var(--wp--preset--spacing--30);padding-right:var(--wp--preset--spacing--20);padding-bottom:var(--wp--preset--spacing--30);padding-left:var(--wp--preset--spacing--20)\">\n<div class=\"wp-block-columns is-layout-flex wp-container-core-columns-is-layout-28f84493 wp-block-columns-is-layout-flex\">\n<div class=\"wp-block-column is-layout-flow wp-block-column-is-layout-flow\">\n<figure class=\"wp-block-gallery has-nested-images columns-default is-cropped wp-block-gallery-1 is-layout-flex wp-block-gallery-is-layout-flex\">\n<figure class=\"wp-block-image size-full\"><img decoding=\"async\" width=\"1170\" height=\"1162\" data-id=\"468\" src=\"http:\/\/www.manguerasya.com\/web\/wp-content\/uploads\/2025\/05\/WhatsApp-Image-2025-05-05-at-2.25.03-PM.jpeg\" alt=\"\" class=\"wp-image-468\" srcset=\"https:\/\/www.manguerasya.com\/web\/wp-content\/uploads\/2025\/05\/WhatsApp-Image-2025-05-05-at-2.25.03-PM.jpeg 1170w, https:\/\/www.manguerasya.com\/web\/wp-content\/uploads\/2025\/05\/WhatsApp-Image-2025-05-05-at-2.25.03-PM-300x298.jpeg 300w, https:\/\/www.manguerasya.com\/web\/wp-content\/uploads\/2025\/05\/WhatsApp-Image-2025-05-05-at-2.25.03-PM-1024x1017.jpeg 1024w, https:\/\/www.manguerasya.com\/web\/wp-content\/uploads\/2025\/05\/WhatsApp-Image-2025-05-05-at-2.25.03-PM-150x150.jpeg 150w, https:\/\/www.manguerasya.com\/web\/wp-content\/uploads\/2025\/05\/WhatsApp-Image-2025-05-05-at-2.25.03-PM-768x763.jpeg 768w, https:\/\/www.manguerasya.com\/web\/wp-content\/uploads\/2025\/05\/WhatsApp-Image-2025-05-05-at-2.25.03-PM-600x596.jpeg 600w, https:\/\/www.manguerasya.com\/web\/wp-content\/uploads\/2025\/05\/WhatsApp-Image-2025-05-05-at-2.25.03-PM-100x100.jpeg 100w\" sizes=\"(max-width: 1170px) 100vw, 1170px\" \/><\/figure>\n<\/figure>\n<\/div>\n\n\n\n<div class=\"wp-block-column is-layout-flow wp-block-column-is-layout-flow\">\n<figure class=\"wp-block-gallery has-nested-images columns-default is-cropped wp-block-gallery-2 is-layout-flex wp-block-gallery-is-layout-flex\">\n<figure class=\"wp-block-image size-large\"><img decoding=\"async\" width=\"1024\" height=\"1018\" data-id=\"28\" src=\"http:\/\/www.manguerasya.com\/web\/wp-content\/uploads\/2025\/04\/WhatsApp-Image-2025-04-28-at-9.38.17-AM-1-2-1024x1018.jpeg\" alt=\"\" class=\"wp-image-28\" srcset=\"https:\/\/www.manguerasya.com\/web\/wp-content\/uploads\/2025\/04\/WhatsApp-Image-2025-04-28-at-9.38.17-AM-1-2-1024x1018.jpeg 1024w, https:\/\/www.manguerasya.com\/web\/wp-content\/uploads\/2025\/04\/WhatsApp-Image-2025-04-28-at-9.38.17-AM-1-2-300x298.jpeg 300w, https:\/\/www.manguerasya.com\/web\/wp-content\/uploads\/2025\/04\/WhatsApp-Image-2025-04-28-at-9.38.17-AM-1-2-150x150.jpeg 150w, https:\/\/www.manguerasya.com\/web\/wp-content\/uploads\/2025\/04\/WhatsApp-Image-2025-04-28-at-9.38.17-AM-1-2-768x764.jpeg 768w, https:\/\/www.manguerasya.com\/web\/wp-content\/uploads\/2025\/04\/WhatsApp-Image-2025-04-28-at-9.38.17-AM-1-2-600x597.jpeg 600w, https:\/\/www.manguerasya.com\/web\/wp-content\/uploads\/2025\/04\/WhatsApp-Image-2025-04-28-at-9.38.17-AM-1-2-100x100.jpeg 100w, https:\/\/www.manguerasya.com\/web\/wp-content\/uploads\/2025\/04\/WhatsApp-Image-2025-04-28-at-9.38.17-AM-1-2.jpeg 1080w\" sizes=\"(max-width: 1024px) 100vw, 1024px\" \/><\/figure>\n<\/figure>\n<\/div>\n\n\n\n<div class=\"wp-block-column is-layout-flow wp-block-column-is-layout-flow\">\n<figure class=\"wp-block-image size-large\"><img loading=\"lazy\" decoding=\"async\" width=\"1024\" height=\"1019\" src=\"http:\/\/www.manguerasya.com\/web\/wp-content\/uploads\/2025\/04\/WhatsApp-Image-2025-04-28-at-9.38.17-AM-2-1024x1019.jpeg\" alt=\"\" class=\"wp-image-26\" srcset=\"https:\/\/www.manguerasya.com\/web\/wp-content\/uploads\/2025\/04\/WhatsApp-Image-2025-04-28-at-9.38.17-AM-2-1024x1019.jpeg 1024w, https:\/\/www.manguerasya.com\/web\/wp-content\/uploads\/2025\/04\/WhatsApp-Image-2025-04-28-at-9.38.17-AM-2-300x300.jpeg 300w, https:\/\/www.manguerasya.com\/web\/wp-content\/uploads\/2025\/04\/WhatsApp-Image-2025-04-28-at-9.38.17-AM-2-150x150.jpeg 150w, https:\/\/www.manguerasya.com\/web\/wp-content\/uploads\/2025\/04\/WhatsApp-Image-2025-04-28-at-9.38.17-AM-2-768x764.jpeg 768w, https:\/\/www.manguerasya.com\/web\/wp-content\/uploads\/2025\/04\/WhatsApp-Image-2025-04-28-at-9.38.17-AM-2-600x597.jpeg 600w, https:\/\/www.manguerasya.com\/web\/wp-content\/uploads\/2025\/04\/WhatsApp-Image-2025-04-28-at-9.38.17-AM-2-100x100.jpeg 100w, https:\/\/www.manguerasya.com\/web\/wp-content\/uploads\/2025\/04\/WhatsApp-Image-2025-04-28-at-9.38.17-AM-2.jpeg 1080w\" sizes=\"(max-width: 1024px) 100vw, 1024px\" \/><\/figure>\n<\/div>\n<\/div>\n<\/div>\n\n\n\n<div class=\"wp-block-group has-global-padding is-layout-constrained wp-container-core-group-is-layout-63a0b46f wp-block-group-is-layout-constrained\" style=\"margin-top:0;margin-bottom:0;padding-top:var(--wp--preset--spacing--50);padding-right:var(--wp--preset--spacing--20);padding-bottom:var(--wp--preset--spacing--50);padding-left:var(--wp--preset--spacing--20)\">\n<p class=\"has-text-align-center has-primary-color has-text-color has-link-color wp-elements-c887e4ed38d62d6acab19dd55d0d1073\" style=\"line-height:1.5\">Nuestros Servicios<\/p>\n\n\n\n<h1 class=\"wp-block-heading has-text-align-center\" style=\"margin-top:10px;margin-bottom:80px;line-height:1.2\">Servicios basados en el crecimiento<\/h1>\n\n\n\n<div class=\"wp-block-group services-section has-global-padding is-layout-constrained wp-block-group-is-layout-constrained\" style=\"margin-top:0;margin-bottom:0\">\n<div class=\"wp-block-columns is-layout-flex wp-container-core-columns-is-layout-28f84493 wp-block-columns-is-layout-flex\">\n<div class=\"wp-block-column has-border-color is-layout-flow wp-block-column-is-layout-flow\" style=\"border-color:#d1d1d1;border-width:1px;padding-top:var(--wp--preset--spacing--30);padding-right:var(--wp--preset--spacing--20);padding-bottom:var(--wp--preset--spacing--30);padding-left:var(--wp--preset--spacing--20)\">\n<figure class=\"wp-block-image aligncenter size-full is-resized wp-duotone-rgb059164-rgb059164-3\"><img loading=\"lazy\" decoding=\"async\" width=\"512\" height=\"512\" src=\"http:\/\/www.manguerasya.com\/web\/wp-content\/uploads\/2025\/04\/842845.png\" alt=\"\" class=\"wp-image-21\" style=\"width:61px;height:auto\" srcset=\"https:\/\/www.manguerasya.com\/web\/wp-content\/uploads\/2025\/04\/842845.png 512w, https:\/\/www.manguerasya.com\/web\/wp-content\/uploads\/2025\/04\/842845-300x300.png 300w, https:\/\/www.manguerasya.com\/web\/wp-content\/uploads\/2025\/04\/842845-150x150.png 150w, https:\/\/www.manguerasya.com\/web\/wp-content\/uploads\/2025\/04\/842845-100x100.png 100w\" sizes=\"(max-width: 512px) 100vw, 512px\" \/><\/figure>\n\n\n\n<h3 class=\"wp-block-heading has-text-align-center has-mdm-large-font-size\" style=\"margin-top:1.5rem;line-height:1.2\">Reconstrucci\u00f3n de Mangueras<\/h3>\n\n\n\n<p class=\"has-text-align-center\">Venta, reparaci\u00f3n y reconstrucci\u00f3n de mangueras Hidr\u00e1ulicas para veh\u00edculos y maquinarias.<\/p>\n<\/div>\n\n\n\n<div class=\"wp-block-column has-border-color is-layout-flow wp-block-column-is-layout-flow\" style=\"border-color:#d1d1d1;border-width:1px;padding-top:var(--wp--preset--spacing--30);padding-right:var(--wp--preset--spacing--20);padding-bottom:var(--wp--preset--spacing--30);padding-left:var(--wp--preset--spacing--20)\">\n<figure class=\"wp-block-image aligncenter size-full is-resized wp-duotone-rgb059164-rgb059164-4\"><img loading=\"lazy\" decoding=\"async\" width=\"512\" height=\"512\" src=\"http:\/\/www.manguerasya.com\/web\/wp-content\/uploads\/2025\/04\/1593815.png\" alt=\"\" class=\"wp-image-23\" style=\"width:61px;height:auto\" srcset=\"https:\/\/www.manguerasya.com\/web\/wp-content\/uploads\/2025\/04\/1593815.png 512w, https:\/\/www.manguerasya.com\/web\/wp-content\/uploads\/2025\/04\/1593815-300x300.png 300w, https:\/\/www.manguerasya.com\/web\/wp-content\/uploads\/2025\/04\/1593815-150x150.png 150w, https:\/\/www.manguerasya.com\/web\/wp-content\/uploads\/2025\/04\/1593815-100x100.png 100w\" sizes=\"(max-width: 512px) 100vw, 512px\" \/><\/figure>\n\n\n\n<h3 class=\"wp-block-heading has-text-align-center has-mdm-large-font-size\" style=\"margin-top:1.5rem;line-height:1.2\">Conexiones<\/h3>\n\n\n\n<p class=\"has-text-align-center\">Adaptaciones para frenos de aire y venta de conexiones de bronce y prestul<\/p>\n<\/div>\n\n\n\n<div class=\"wp-block-column has-border-color is-layout-flow wp-block-column-is-layout-flow\" style=\"border-color:#d1d1d1;border-width:1px;padding-top:var(--wp--preset--spacing--30);padding-right:var(--wp--preset--spacing--20);padding-bottom:var(--wp--preset--spacing--30);padding-left:var(--wp--preset--spacing--20)\">\n<figure class=\"wp-block-image aligncenter size-full is-resized wp-duotone-rgb059164-rgb059164-5\"><img loading=\"lazy\" decoding=\"async\" width=\"512\" height=\"512\" src=\"http:\/\/www.manguerasya.com\/web\/wp-content\/uploads\/2025\/04\/6146724.png\" alt=\"\" class=\"wp-image-33\" style=\"width:57px;height:auto\" srcset=\"https:\/\/www.manguerasya.com\/web\/wp-content\/uploads\/2025\/04\/6146724.png 512w, https:\/\/www.manguerasya.com\/web\/wp-content\/uploads\/2025\/04\/6146724-300x300.png 300w, https:\/\/www.manguerasya.com\/web\/wp-content\/uploads\/2025\/04\/6146724-150x150.png 150w, https:\/\/www.manguerasya.com\/web\/wp-content\/uploads\/2025\/04\/6146724-100x100.png 100w\" sizes=\"(max-width: 512px) 100vw, 512px\" \/><\/figure>\n\n\n\n<h3 class=\"wp-block-heading has-text-align-center has-mdm-large-font-size\" style=\"margin-top:1.5rem;line-height:1.2\">Filtros<\/h3>\n\n\n\n<p class=\"has-text-align-center\">\u00a1Mant\u00e9n tu motor a la perfecci\u00f3n con nuestros filtros de autom\u00f3viles de alta calidad!<\/p>\n<\/div>\n\n\n\n<div class=\"wp-block-column has-border-color is-layout-flow wp-block-column-is-layout-flow\" style=\"border-color:#d1d1d1;border-width:1px;padding-top:var(--wp--preset--spacing--30);padding-right:var(--wp--preset--spacing--20);padding-bottom:var(--wp--preset--spacing--30);padding-left:var(--wp--preset--spacing--20)\">\n<figure class=\"wp-block-image aligncenter size-full is-resized wp-duotone-rgb059164-rgb059164-6\"><img loading=\"lazy\" decoding=\"async\" width=\"512\" height=\"512\" src=\"http:\/\/www.manguerasya.com\/web\/wp-content\/uploads\/2025\/04\/6344693.png\" alt=\"\" class=\"wp-image-34\" style=\"width:61px;height:auto\" srcset=\"https:\/\/www.manguerasya.com\/web\/wp-content\/uploads\/2025\/04\/6344693.png 512w, https:\/\/www.manguerasya.com\/web\/wp-content\/uploads\/2025\/04\/6344693-300x300.png 300w, https:\/\/www.manguerasya.com\/web\/wp-content\/uploads\/2025\/04\/6344693-150x150.png 150w, https:\/\/www.manguerasya.com\/web\/wp-content\/uploads\/2025\/04\/6344693-100x100.png 100w\" sizes=\"(max-width: 512px) 100vw, 512px\" \/><\/figure>\n\n\n\n<h3 class=\"wp-block-heading has-text-align-center has-mdm-large-font-size\" style=\"margin-top:1.5rem;line-height:1.2\">Tornillos y m\u00e1s<\/h3>\n\n\n\n<p class=\"has-text-align-center\">\u00bfAsegura cada componente de tu veh\u00edculo con nuestros productos variados desde tornillos, esp\u00e1rragos y tuercas<\/p>\n<\/div>\n<\/div>\n<\/div>\n\n\n\n<div style=\"height:100px\" aria-hidden=\"true\" class=\"wp-block-spacer\"><\/div>\n\n\n\n<div class=\"wp-block-cover is-light\" style=\"min-height:616px;aspect-ratio:unset;\"><img loading=\"lazy\" decoding=\"async\" width=\"740\" height=\"555\" class=\"wp-block-cover__image-background wp-image-55 size-full\" alt=\"\" src=\"http:\/\/www.manguerasya.com\/web\/wp-content\/uploads\/2025\/04\/herramientas-carpinteria-mano-mesa-madera_23-2148180583.avif\" data-object-fit=\"cover\" srcset=\"https:\/\/www.manguerasya.com\/web\/wp-content\/uploads\/2025\/04\/herramientas-carpinteria-mano-mesa-madera_23-2148180583.avif 740w, https:\/\/www.manguerasya.com\/web\/wp-content\/uploads\/2025\/04\/herramientas-carpinteria-mano-mesa-madera_23-2148180583-300x225.avif 300w, https:\/\/www.manguerasya.com\/web\/wp-content\/uploads\/2025\/04\/herramientas-carpinteria-mano-mesa-madera_23-2148180583-600x450.avif 600w\" sizes=\"(max-width: 740px) 100vw, 740px\" \/><span aria-hidden=\"true\" class=\"wp-block-cover__background has-background-dim\" style=\"background-color:#dab192\"><\/span><div class=\"wp-block-cover__inner-container has-global-padding is-layout-constrained wp-block-cover-is-layout-constrained\">\n<div class=\"wp-block-columns is-layout-flex wp-container-core-columns-is-layout-28f84493 wp-block-columns-is-layout-flex\">\n<div class=\"wp-block-column is-layout-flow wp-block-column-is-layout-flow\" style=\"flex-basis:100%\">\n<div class=\"wp-block-columns is-layout-flex wp-container-core-columns-is-layout-28f84493 wp-block-columns-is-layout-flex\">\n<div class=\"wp-block-column is-layout-flow wp-block-column-is-layout-flow\">\n<figure class=\"wp-block-gallery has-nested-images columns-default is-cropped wp-block-gallery-7 is-layout-flex wp-block-gallery-is-layout-flex\">\n<figure class=\"wp-block-image size-large\"><img loading=\"lazy\" decoding=\"async\" width=\"1024\" height=\"1024\" data-id=\"52\" src=\"http:\/\/www.manguerasya.com\/web\/wp-content\/uploads\/2025\/04\/WhatsApp-Image-2025-04-28-at-11.11.07-AM-1-1024x1024.jpeg\" alt=\"\" class=\"wp-image-52\" srcset=\"https:\/\/www.manguerasya.com\/web\/wp-content\/uploads\/2025\/04\/WhatsApp-Image-2025-04-28-at-11.11.07-AM-1-1024x1024.jpeg 1024w, https:\/\/www.manguerasya.com\/web\/wp-content\/uploads\/2025\/04\/WhatsApp-Image-2025-04-28-at-11.11.07-AM-1-300x300.jpeg 300w, https:\/\/www.manguerasya.com\/web\/wp-content\/uploads\/2025\/04\/WhatsApp-Image-2025-04-28-at-11.11.07-AM-1-150x150.jpeg 150w, https:\/\/www.manguerasya.com\/web\/wp-content\/uploads\/2025\/04\/WhatsApp-Image-2025-04-28-at-11.11.07-AM-1-768x768.jpeg 768w, https:\/\/www.manguerasya.com\/web\/wp-content\/uploads\/2025\/04\/WhatsApp-Image-2025-04-28-at-11.11.07-AM-1-600x600.jpeg 600w, https:\/\/www.manguerasya.com\/web\/wp-content\/uploads\/2025\/04\/WhatsApp-Image-2025-04-28-at-11.11.07-AM-1-100x100.jpeg 100w, https:\/\/www.manguerasya.com\/web\/wp-content\/uploads\/2025\/04\/WhatsApp-Image-2025-04-28-at-11.11.07-AM-1.jpeg 1170w\" sizes=\"(max-width: 1024px) 100vw, 1024px\" \/><\/figure>\n<\/figure>\n<\/div>\n\n\n\n<div class=\"wp-block-column is-layout-flow wp-block-column-is-layout-flow\">\n<figure class=\"wp-block-gallery has-nested-images columns-default is-cropped wp-block-gallery-8 is-layout-flex wp-block-gallery-is-layout-flex\">\n<figure class=\"wp-block-image size-large\"><img loading=\"lazy\" decoding=\"async\" width=\"1024\" height=\"1009\" data-id=\"53\" src=\"http:\/\/www.manguerasya.com\/web\/wp-content\/uploads\/2025\/04\/WhatsApp-Image-2025-04-28-at-11.11.31-AM-1-1024x1009.jpeg\" alt=\"\" class=\"wp-image-53\" srcset=\"https:\/\/www.manguerasya.com\/web\/wp-content\/uploads\/2025\/04\/WhatsApp-Image-2025-04-28-at-11.11.31-AM-1-1024x1009.jpeg 1024w, https:\/\/www.manguerasya.com\/web\/wp-content\/uploads\/2025\/04\/WhatsApp-Image-2025-04-28-at-11.11.31-AM-1-300x296.jpeg 300w, https:\/\/www.manguerasya.com\/web\/wp-content\/uploads\/2025\/04\/WhatsApp-Image-2025-04-28-at-11.11.31-AM-1-768x757.jpeg 768w, https:\/\/www.manguerasya.com\/web\/wp-content\/uploads\/2025\/04\/WhatsApp-Image-2025-04-28-at-11.11.31-AM-1-600x591.jpeg 600w, https:\/\/www.manguerasya.com\/web\/wp-content\/uploads\/2025\/04\/WhatsApp-Image-2025-04-28-at-11.11.31-AM-1-100x100.jpeg 100w, https:\/\/www.manguerasya.com\/web\/wp-content\/uploads\/2025\/04\/WhatsApp-Image-2025-04-28-at-11.11.31-AM-1.jpeg 1170w\" sizes=\"(max-width: 1024px) 100vw, 1024px\" \/><\/figure>\n<\/figure>\n<\/div>\n<\/div>\n<\/div>\n<\/div>\n<\/div><\/div>\n<\/div>\n\n\n\n<div class=\"wp-block-group is-nowrap is-layout-flex wp-container-core-group-is-layout-6c531013 wp-block-group-is-layout-flex\">\n<div class=\"wp-block-columns is-layout-flex wp-container-core-columns-is-layout-28f84493 wp-block-columns-is-layout-flex\">\n<div class=\"wp-block-column is-layout-flow wp-block-column-is-layout-flow\">\n<div style=\"height:0px\" aria-hidden=\"true\" class=\"wp-block-spacer\"><\/div>\n<\/div>\n<\/div>\n\n\n\n<figure class=\"wp-block-video\"><video controls src=\"http:\/\/www.manguerasya.com\/web\/wp-content\/uploads\/2025\/04\/WhatsApp-Video-2025-04-28-at-3.57.42-PM.mp4\"><\/video><\/figure>\n\n\n\n<figure class=\"wp-block-video\"><video controls src=\"http:\/\/www.manguerasya.com\/web\/wp-content\/uploads\/2025\/04\/WhatsApp-Video-2025-04-28-at-4.01.43-PM.mp4\"><\/video><\/figure>\n\n\n\n<figure class=\"wp-block-video\"><video controls src=\"http:\/\/www.manguerasya.com\/web\/wp-content\/uploads\/2025\/04\/WhatsApp-Video-2025-04-28-at-3.37.32-PM-1.mp4\"><\/video><\/figure>\n\n\n\n<figure class=\"wp-block-video\"><video controls src=\"http:\/\/www.manguerasya.com\/web\/wp-content\/uploads\/2025\/04\/WhatsApp-Video-2025-04-28-at-3.32.05-PM-3.mp4\"><\/video><\/figure>\n\n\n\n<div style=\"height:100px;width:10px\" aria-hidden=\"true\" class=\"wp-block-spacer wp-container-content-728072c3\"><\/div>\n<\/div>\n<\/main>\n","protected":false},"excerpt":{"rendered":"<p>Nuestros Servicios Servicios basados en el crecimiento Reconstrucci\u00f3n de Mangueras Venta, reparaci\u00f3n y reconstrucci\u00f3n de mangueras Hidr\u00e1ulicas para veh\u00edculos y maquinarias. Conexiones Adaptaciones para frenos de aire y venta de conexiones de bronce y prestul Filtros \u00a1Mant\u00e9n tu motor a la perfecci\u00f3n con nuestros filtros de autom\u00f3viles de alta calidad! Tornillos y m\u00e1s \u00bfAsegura cada [&hellip;]<\/p>\n","protected":false},"author":1,"featured_media":0,"parent":0,"menu_order":0,"comment_status":"closed","ping_status":"closed","template":"","meta":{"footnotes":""},"class_list":["post-17","page","type-page","status-publish","hentry"],"jetpack_sharing_enabled":true,"_links":{"self":[{"href":"https:\/\/www.manguerasya.com\/web\/wp-json\/wp\/v2\/pages\/17","targetHints":{"allow":["GET"]}}],"collection":[{"href":"https:\/\/www.manguerasya.com\/web\/wp-json\/wp\/v2\/pages"}],"about":[{"href":"https:\/\/www.manguerasya.com\/web\/wp-json\/wp\/v2\/types\/page"}],"author":[{"embeddable":true,"href":"https:\/\/www.manguerasya.com\/web\/wp-json\/wp\/v2\/users\/1"}],"replies":[{"embeddable":true,"href":"https:\/\/www.manguerasya.com\/web\/wp-json\/wp\/v2\/comments?post=17"}],"version-history":[{"count":36,"href":"https:\/\/www.manguerasya.com\/web\/wp-json\/wp\/v2\/pages\/17\/revisions"}],"predecessor-version":[{"id":469,"href":"https:\/\/www.manguerasya.com\/web\/wp-json\/wp\/v2\/pages\/17\/revisions\/469"}],"wp:attachment":[{"href":"https:\/\/www.manguerasya.com\/web\/wp-json\/wp\/v2\/media?parent=17"}],"curies":[{"name":"wp","href":"https:\/\/api.w.org\/{rel}","templated":true}]}}