{"id":82,"date":"2025-04-28T17:18:30","date_gmt":"2025-04-28T17:18:30","guid":{"rendered":"http:\/\/www.manguerasya.com\/web\/?page_id=82"},"modified":"2025-04-29T17:30:02","modified_gmt":"2025-04-29T17:30:02","slug":"sobre-nosotros","status":"publish","type":"page","link":"http:\/\/www.manguerasya.com\/web\/sobre-nosotros\/","title":{"rendered":"Sobre Nosotros"},"content":{"rendered":"\n<div class=\"wp-block-group has-secondary-bg-background-color has-background has-global-padding is-layout-constrained wp-container-core-group-is-layout-63a0b46f wp-block-group-is-layout-constrained\" style=\"margin-top:0;margin-bottom:0;padding-top:var(--wp--preset--spacing--50);padding-right:var(--wp--preset--spacing--20);padding-bottom:var(--wp--preset--spacing--50);padding-left:var(--wp--preset--spacing--20)\">\n<div class=\"wp-block-columns alignwide is-layout-flex wp-container-core-columns-is-layout-66fad18a wp-block-columns-is-layout-flex\">\n<div class=\"wp-block-column is-vertically-aligned-center is-layout-flow wp-block-column-is-layout-flow\" style=\"padding-right:0;padding-left:0;flex-basis:60%\">\n<div class=\"wp-block-group is-vertical is-layout-flex wp-container-core-group-is-layout-fe9cc265 wp-block-group-is-layout-flex\">\n<h1 class=\"wp-block-heading is-style-text-annotation\"><strong>\u00bfQui\u00e9nes Somos?<\/strong><\/h1>\n<\/div>\n\n\n\n<p class=\"is-style-text-subtitle\">En \u00abEl Mundo de Conexiones Mangueras y Filtros\u00bb, somos un equipo dedicado y experimentado con m\u00e1s de nueve a\u00f1os sirviendo a la comunidad automotriz. Ubicados estrat\u00e9gicamente en la avenida Francisco Solano L\u00f3pez, nos hemos consolidado como un proveedor integral de soluciones para sistemas hidr\u00e1ulicos y de frenos de aire. Nuestra pasi\u00f3n radica en ofrecer un servicio completo que abarca desde la venta de una extensa gama de productos de alta calidad hasta la reparaci\u00f3n y reconstrucci\u00f3n experta de mangueras hidr\u00e1ulicas, conexiones especializadas para frenos de aire, adaptaciones de piezas, mangueras de gasolina, mangueras tubing para frenos de aire y una variedad de filtros esenciales. Entendemos la importancia de la fiabilidad y el rendimiento en el sector automotriz, por lo que nos esforzamos por superar las expectativas de nuestros clientes en cada interacci\u00f3n, proporcionando no solo productos, sino tambi\u00e9n el conocimiento y la experiencia que respaldan cada soluci\u00f3n que ofrecemos.<\/p>\n<\/div>\n\n\n\n<div class=\"wp-block-column is-layout-flow wp-block-column-is-layout-flow\" style=\"padding-right:var(--wp--preset--spacing--50);flex-basis:45%\">\n<figure class=\"wp-block-image size-full has-custom-border\"><img fetchpriority=\"high\" decoding=\"async\" width=\"1090\" height=\"1109\" src=\"https:\/\/www.manguerasya.com\/web\/wp-content\/uploads\/2025\/04\/WhatsApp-Image-2025-04-29-at-9.32.47-AM.jpeg\" alt=\"\" class=\"wp-image-173\" style=\"border-radius:10px;box-shadow:var(--wp--preset--shadow--outlined);aspect-ratio:4\/3;object-fit:cover\" srcset=\"http:\/\/www.manguerasya.com\/web\/wp-content\/uploads\/2025\/04\/WhatsApp-Image-2025-04-29-at-9.32.47-AM.jpeg 1090w, http:\/\/www.manguerasya.com\/web\/wp-content\/uploads\/2025\/04\/WhatsApp-Image-2025-04-29-at-9.32.47-AM-295x300.jpeg 295w, http:\/\/www.manguerasya.com\/web\/wp-content\/uploads\/2025\/04\/WhatsApp-Image-2025-04-29-at-9.32.47-AM-1006x1024.jpeg 1006w, http:\/\/www.manguerasya.com\/web\/wp-content\/uploads\/2025\/04\/WhatsApp-Image-2025-04-29-at-9.32.47-AM-768x781.jpeg 768w, http:\/\/www.manguerasya.com\/web\/wp-content\/uploads\/2025\/04\/WhatsApp-Image-2025-04-29-at-9.32.47-AM-600x610.jpeg 600w\" sizes=\"(max-width: 1090px) 100vw, 1090px\" \/><\/figure>\n\n\n\n<div class=\"wp-block-group has-global-padding is-layout-constrained wp-block-group-is-layout-constrained\" style=\"margin-top:-12vw\">\n<figure class=\"wp-block-image alignright size-full is-resized has-custom-border\" style=\"margin-right:-5vw;margin-left:-5vw\"><img decoding=\"async\" width=\"1200\" height=\"1200\" src=\"http:\/\/www.manguerasya.com\/web\/wp-content\/uploads\/2025\/04\/WhatsApp-Image-2025-04-29-at-9.01.31-AM-2.jpeg\" alt=\"\" class=\"wp-image-227\" style=\"border-radius:10px;box-shadow:var(--wp--preset--shadow--outlined);aspect-ratio:0.75;object-fit:cover;width:248px;height:auto\" srcset=\"http:\/\/www.manguerasya.com\/web\/wp-content\/uploads\/2025\/04\/WhatsApp-Image-2025-04-29-at-9.01.31-AM-2.jpeg 1200w, http:\/\/www.manguerasya.com\/web\/wp-content\/uploads\/2025\/04\/WhatsApp-Image-2025-04-29-at-9.01.31-AM-2-300x300.jpeg 300w, http:\/\/www.manguerasya.com\/web\/wp-content\/uploads\/2025\/04\/WhatsApp-Image-2025-04-29-at-9.01.31-AM-2-1024x1024.jpeg 1024w, http:\/\/www.manguerasya.com\/web\/wp-content\/uploads\/2025\/04\/WhatsApp-Image-2025-04-29-at-9.01.31-AM-2-150x150.jpeg 150w, http:\/\/www.manguerasya.com\/web\/wp-content\/uploads\/2025\/04\/WhatsApp-Image-2025-04-29-at-9.01.31-AM-2-768x768.jpeg 768w, http:\/\/www.manguerasya.com\/web\/wp-content\/uploads\/2025\/04\/WhatsApp-Image-2025-04-29-at-9.01.31-AM-2-600x600.jpeg 600w, http:\/\/www.manguerasya.com\/web\/wp-content\/uploads\/2025\/04\/WhatsApp-Image-2025-04-29-at-9.01.31-AM-2-100x100.jpeg 100w\" sizes=\"(max-width: 1200px) 100vw, 1200px\" \/><\/figure>\n<\/div>\n<\/div>\n<\/div>\n\n\n\n<div class=\"wp-block-group has-global-padding is-layout-constrained wp-container-core-group-is-layout-63a0b46f wp-block-group-is-layout-constrained\" style=\"margin-top:0;margin-bottom:0;padding-top:var(--wp--preset--spacing--50);padding-right:var(--wp--preset--spacing--20);padding-bottom:var(--wp--preset--spacing--50);padding-left:var(--wp--preset--spacing--20)\">\n<div class=\"wp-block-cover\"><img decoding=\"async\" width=\"1024\" height=\"336\" class=\"wp-block-cover__image-background wp-image-183\" alt=\"\" src=\"https:\/\/www.manguerasya.com\/web\/wp-content\/uploads\/2025\/04\/WhatsApp-Image-2025-04-29-at-9.41.22-AM-1024x336.jpeg\" data-object-fit=\"cover\" srcset=\"http:\/\/www.manguerasya.com\/web\/wp-content\/uploads\/2025\/04\/WhatsApp-Image-2025-04-29-at-9.41.22-AM-1024x336.jpeg 1024w, http:\/\/www.manguerasya.com\/web\/wp-content\/uploads\/2025\/04\/WhatsApp-Image-2025-04-29-at-9.41.22-AM-300x99.jpeg 300w, http:\/\/www.manguerasya.com\/web\/wp-content\/uploads\/2025\/04\/WhatsApp-Image-2025-04-29-at-9.41.22-AM-768x252.jpeg 768w, http:\/\/www.manguerasya.com\/web\/wp-content\/uploads\/2025\/04\/WhatsApp-Image-2025-04-29-at-9.41.22-AM-600x197.jpeg 600w, http:\/\/www.manguerasya.com\/web\/wp-content\/uploads\/2025\/04\/WhatsApp-Image-2025-04-29-at-9.41.22-AM.jpeg 1200w\" sizes=\"(max-width: 1024px) 100vw, 1024px\" \/><span aria-hidden=\"true\" class=\"wp-block-cover__background has-background-dim\"><\/span><div class=\"wp-block-cover__inner-container is-layout-flow wp-block-cover-is-layout-flow\">\n<p class=\"has-text-align-center has-large-font-size\"><strong>NUESTRA MAYOR PRIORIDAD ES OFRECERTE LA MEJOR CALIDAD<\/strong><\/p>\n<\/div><\/div>\n\n\n\n<div class=\"wp-block-columns is-layout-flex wp-container-core-columns-is-layout-28f84493 wp-block-columns-is-layout-flex\">\n<div class=\"wp-block-column is-layout-flow wp-block-column-is-layout-flow\">\n<div class=\"wp-block-cover\"><img loading=\"lazy\" decoding=\"async\" width=\"1024\" height=\"1024\" class=\"wp-block-cover__image-background wp-image-155 size-full\" alt=\"\" src=\"https:\/\/www.manguerasya.com\/web\/wp-content\/uploads\/2025\/04\/WhatsApp-Image-2025-04-29-at-8.57.49-AM-1.jpeg\" data-object-fit=\"cover\" srcset=\"http:\/\/www.manguerasya.com\/web\/wp-content\/uploads\/2025\/04\/WhatsApp-Image-2025-04-29-at-8.57.49-AM-1.jpeg 1024w, http:\/\/www.manguerasya.com\/web\/wp-content\/uploads\/2025\/04\/WhatsApp-Image-2025-04-29-at-8.57.49-AM-1-300x300.jpeg 300w, http:\/\/www.manguerasya.com\/web\/wp-content\/uploads\/2025\/04\/WhatsApp-Image-2025-04-29-at-8.57.49-AM-1-150x150.jpeg 150w, http:\/\/www.manguerasya.com\/web\/wp-content\/uploads\/2025\/04\/WhatsApp-Image-2025-04-29-at-8.57.49-AM-1-768x768.jpeg 768w, http:\/\/www.manguerasya.com\/web\/wp-content\/uploads\/2025\/04\/WhatsApp-Image-2025-04-29-at-8.57.49-AM-1-600x600.jpeg 600w, http:\/\/www.manguerasya.com\/web\/wp-content\/uploads\/2025\/04\/WhatsApp-Image-2025-04-29-at-8.57.49-AM-1-100x100.jpeg 100w\" sizes=\"(max-width: 1024px) 100vw, 1024px\" \/><span aria-hidden=\"true\" class=\"wp-block-cover__background has-background-dim\" style=\"background-color:#52595d\"><\/span><div class=\"wp-block-cover__inner-container has-global-padding is-layout-constrained wp-block-cover-is-layout-constrained\">\n<p class=\"has-text-align-center has-large-font-size\"><strong>MISI\u00d3N<\/strong><\/p>\n\n\n\n<p class=\"has-text-align-center\"><strong>Brindar soluciones efectivas, innovadoras y eficientes en la reconstrucci\u00f3n de mangueras hidr\u00e1ulicas para veh\u00edculos y maquinaria, frenos de aire, aires acondicionados, hidrojet, gasolina y todo lo concerniente a conexiones de bronce, garantizando la calidad y la sostenibilidad en cada proyecto.<\/strong><\/p>\n<\/div><\/div>\n<\/div>\n\n\n\n<div class=\"wp-block-column is-layout-flow wp-block-column-is-layout-flow\">\n<div class=\"wp-block-cover\"><img loading=\"lazy\" decoding=\"async\" width=\"1024\" height=\"819\" class=\"wp-block-cover__image-background wp-image-161 size-large\" alt=\"\" src=\"https:\/\/www.manguerasya.com\/web\/wp-content\/uploads\/2025\/04\/WhatsApp-Image-2025-04-29-at-9.15.05-AM-1024x819.jpeg\" data-object-fit=\"cover\" srcset=\"http:\/\/www.manguerasya.com\/web\/wp-content\/uploads\/2025\/04\/WhatsApp-Image-2025-04-29-at-9.15.05-AM-1024x819.jpeg 1024w, http:\/\/www.manguerasya.com\/web\/wp-content\/uploads\/2025\/04\/WhatsApp-Image-2025-04-29-at-9.15.05-AM-300x240.jpeg 300w, http:\/\/www.manguerasya.com\/web\/wp-content\/uploads\/2025\/04\/WhatsApp-Image-2025-04-29-at-9.15.05-AM-768x614.jpeg 768w, http:\/\/www.manguerasya.com\/web\/wp-content\/uploads\/2025\/04\/WhatsApp-Image-2025-04-29-at-9.15.05-AM-600x480.jpeg 600w, http:\/\/www.manguerasya.com\/web\/wp-content\/uploads\/2025\/04\/WhatsApp-Image-2025-04-29-at-9.15.05-AM.jpeg 1200w\" sizes=\"(max-width: 1024px) 100vw, 1024px\" \/><span aria-hidden=\"true\" class=\"wp-block-cover__background has-background-dim\" style=\"background-color:#4e4e4e\"><\/span><div class=\"wp-block-cover__inner-container has-global-padding is-layout-constrained wp-block-cover-is-layout-constrained\">\n<p class=\"has-text-align-center has-large-font-size\"><strong><mark style=\"background-color:rgba(0, 0, 0, 0)\" class=\"has-inline-color has-white-color\">VISI\u00d3N<\/mark><\/strong><\/p>\n\n\n\n<p class=\"has-text-align-center\"><strong><mark style=\"background-color:rgba(0, 0, 0, 0)\" class=\"has-inline-color has-white-color\">Ser reconocidos tanto nacional internacionalmente, como l\u00edderes en el mercado, ofreciendo soluciones confiables y de alta calidad, comprometidos con la sostenibilidad, bienestar de nuestro capital humano y clientes.<\/mark><\/strong><\/p>\n<\/div><\/div>\n<\/div>\n\n\n\n<div class=\"wp-block-column is-layout-flow wp-block-column-is-layout-flow\">\n<div class=\"wp-block-cover\"><img loading=\"lazy\" decoding=\"async\" width=\"1024\" height=\"1024\" class=\"wp-block-cover__image-background wp-image-159 size-full\" alt=\"\" src=\"https:\/\/www.manguerasya.com\/web\/wp-content\/uploads\/2025\/04\/WhatsApp-Image-2025-04-29-at-9.11.35-AM.jpeg\" data-object-fit=\"cover\" srcset=\"http:\/\/www.manguerasya.com\/web\/wp-content\/uploads\/2025\/04\/WhatsApp-Image-2025-04-29-at-9.11.35-AM.jpeg 1024w, http:\/\/www.manguerasya.com\/web\/wp-content\/uploads\/2025\/04\/WhatsApp-Image-2025-04-29-at-9.11.35-AM-300x300.jpeg 300w, http:\/\/www.manguerasya.com\/web\/wp-content\/uploads\/2025\/04\/WhatsApp-Image-2025-04-29-at-9.11.35-AM-150x150.jpeg 150w, http:\/\/www.manguerasya.com\/web\/wp-content\/uploads\/2025\/04\/WhatsApp-Image-2025-04-29-at-9.11.35-AM-768x768.jpeg 768w, http:\/\/www.manguerasya.com\/web\/wp-content\/uploads\/2025\/04\/WhatsApp-Image-2025-04-29-at-9.11.35-AM-600x600.jpeg 600w, http:\/\/www.manguerasya.com\/web\/wp-content\/uploads\/2025\/04\/WhatsApp-Image-2025-04-29-at-9.11.35-AM-100x100.jpeg 100w\" sizes=\"(max-width: 1024px) 100vw, 1024px\" \/><span aria-hidden=\"true\" class=\"wp-block-cover__background has-background-dim\" style=\"background-color:#514f4b\"><\/span><div class=\"wp-block-cover__inner-container has-global-padding is-layout-constrained wp-block-cover-is-layout-constrained\">\n<p class=\"has-text-align-center has-large-font-size\"><strong><mark style=\"background-color:rgba(0, 0, 0, 0)\" class=\"has-inline-color has-white-color\">VALORES<\/mark><\/strong><\/p>\n\n\n\n<p><\/p>\n\n\n\n<p><strong><mark style=\"background-color:rgba(0, 0, 0, 0)\" class=\"has-inline-color has-white-color\">Integridad, responsabilidad, compromiso,<br>Honestidad, empat\u00eda y liderazgo, enfocados en la excelencia de la calidad de productos, servicios y atenci\u00f3n al cliente<\/mark><\/strong><\/p>\n<\/div><\/div>\n<\/div>\n<\/div>\n\n\n\n<div class=\"wp-block-columns is-layout-flex wp-container-core-columns-is-layout-28f84493 wp-block-columns-is-layout-flex\">\n<div class=\"wp-block-column is-layout-flow wp-block-column-is-layout-flow\"><\/div>\n<\/div>\n<\/div>\n<\/div>\n\n\n\n<div class=\"wp-block-group has-global-padding is-layout-constrained wp-container-core-group-is-layout-63a0b46f wp-block-group-is-layout-constrained\" style=\"margin-top:0;margin-bottom:0;padding-top:var(--wp--preset--spacing--50);padding-right:var(--wp--preset--spacing--20);padding-bottom:var(--wp--preset--spacing--50);padding-left:var(--wp--preset--spacing--20)\">\n<div class=\"wp-block-columns alignwide are-vertically-aligned-center is-layout-flex wp-container-core-columns-is-layout-7fc3d43a wp-block-columns-is-layout-flex\">\n<div class=\"wp-block-column is-vertically-aligned-center is-layout-flow wp-block-column-is-layout-flow\">\n<figure class=\"wp-block-image size-full has-custom-border\"><img loading=\"lazy\" decoding=\"async\" width=\"736\" height=\"1104\" src=\"http:\/\/www.manguerasya.com\/web\/wp-content\/uploads\/2025\/04\/WhatsApp-Image-2025-04-29-at-9.01.30-AM-3.jpeg\" alt=\"\" class=\"wp-image-224\" style=\"border-radius:10px;aspect-ratio:1;object-fit:cover\" srcset=\"http:\/\/www.manguerasya.com\/web\/wp-content\/uploads\/2025\/04\/WhatsApp-Image-2025-04-29-at-9.01.30-AM-3.jpeg 736w, http:\/\/www.manguerasya.com\/web\/wp-content\/uploads\/2025\/04\/WhatsApp-Image-2025-04-29-at-9.01.30-AM-3-200x300.jpeg 200w, http:\/\/www.manguerasya.com\/web\/wp-content\/uploads\/2025\/04\/WhatsApp-Image-2025-04-29-at-9.01.30-AM-3-683x1024.jpeg 683w, http:\/\/www.manguerasya.com\/web\/wp-content\/uploads\/2025\/04\/WhatsApp-Image-2025-04-29-at-9.01.30-AM-3-600x900.jpeg 600w\" sizes=\"(max-width: 736px) 100vw, 736px\" \/><\/figure>\n<\/div>\n\n\n\n<div class=\"wp-block-column is-vertically-aligned-center is-layout-flow wp-block-column-is-layout-flow\">\n<h1 class=\"wp-block-heading alignwide\" style=\"line-height:1.2\"><strong><mark style=\"background-color:rgba(0, 0, 0, 0)\" class=\"has-inline-color has-button-hover-color-color\">\u00bfPorqu\u00e9 Elegirnos?<\/mark><\/strong><\/h1>\n\n\n\n<ul class=\"wp-block-list\">\n<li><strong>Calidad Superior Garantizada:<\/strong> Ofrecemos productos y servicios de alta calidad, lo que se traduce en mayor durabilidad y rendimiento para tus veh\u00edculos.<\/li>\n\n\n\n<li><strong>Precios Competitivos:<\/strong> Puedes obtener soluciones de calidad sin que esto signifique un golpe a tu bolsillo<\/li>\n\n\n\n<li><strong>Amplia Gama de Productos y Servicios:<\/strong> Desde la venta hasta la reparaci\u00f3n y reconstrucci\u00f3n de mangueras hidr\u00e1ulicas, conexiones de freno de aire, adaptaciones para frenos de aire, mangueras de gasolina, mangueras tubing para frenos de aire y filtros. Cubrimos una gran variedad de tus necesidades automotrices en un solo lugar.<\/li>\n\n\n\n<li><strong>Soluciones Integrales: <\/strong>No solo vendemos productos, sino que tambi\u00e9n ofrecemos servicios de reparaci\u00f3n y reconstrucci\u00f3n a medida, lo que te ahorra tiempo y esfuerzo al no tener que buscar diferentes proveedores.<\/li>\n\n\n\n<li><strong>Conveniencia y Ahorro de Tiempo:<\/strong> Al ser un proveedor integral, simplificamos el proceso de adquisici\u00f3n y mantenimiento de estos componentes esenciales para tu veh\u00edculo.<\/li>\n\n\n\n<li><strong>Potencialmente un Servicio al Cliente Dedicado:<\/strong> Somos una empresa especializada y nos enfocamos en construir relaciones s\u00f3lidas con nuestros clientes a trav\u00e9s de un servicio atento y personalizado.<\/li>\n<\/ul>\n\n\n\n<div class=\"wp-block-buttons is-layout-flex wp-block-buttons-is-layout-flex\" style=\"padding-right:0;padding-left:0\">\n<div class=\"wp-block-button btn-has-icon\"><a class=\"wp-block-button__link wp-element-button\" href=\"https:\/\/www.instagram.com\/mundoconexiones?igsh=NTc0bnJ4NThsMmF4\" style=\"padding-right:var(--wp--preset--spacing--40);padding-left:var(--wp--preset--spacing--40)\">Con\u00f3cenos<\/a><\/div>\n<\/div>\n<\/div>\n<\/div>\n<\/div>\n","protected":false},"excerpt":{"rendered":"<p>\u00bfQui\u00e9nes Somos? En \u00abEl Mundo de Conexiones Mangueras y Filtros\u00bb, somos un equipo dedicado y experimentado con m\u00e1s de nueve a\u00f1os sirviendo a la comunidad automotriz. Ubicados estrat\u00e9gicamente en la avenida Francisco Solano L\u00f3pez, nos hemos consolidado como un proveedor integral de soluciones para sistemas hidr\u00e1ulicos y de frenos de aire. Nuestra pasi\u00f3n radica en [&hellip;]<\/p>\n","protected":false},"author":1,"featured_media":0,"parent":0,"menu_order":0,"comment_status":"closed","ping_status":"closed","template":"","meta":{"footnotes":""},"class_list":["post-82","page","type-page","status-publish","hentry"],"jetpack_sharing_enabled":true,"_links":{"self":[{"href":"http:\/\/www.manguerasya.com\/web\/wp-json\/wp\/v2\/pages\/82","targetHints":{"allow":["GET"]}}],"collection":[{"href":"http:\/\/www.manguerasya.com\/web\/wp-json\/wp\/v2\/pages"}],"about":[{"href":"http:\/\/www.manguerasya.com\/web\/wp-json\/wp\/v2\/types\/page"}],"author":[{"embeddable":true,"href":"http:\/\/www.manguerasya.com\/web\/wp-json\/wp\/v2\/users\/1"}],"replies":[{"embeddable":true,"href":"http:\/\/www.manguerasya.com\/web\/wp-json\/wp\/v2\/comments?post=82"}],"version-history":[{"count":31,"href":"http:\/\/www.manguerasya.com\/web\/wp-json\/wp\/v2\/pages\/82\/revisions"}],"predecessor-version":[{"id":228,"href":"http:\/\/www.manguerasya.com\/web\/wp-json\/wp\/v2\/pages\/82\/revisions\/228"}],"wp:attachment":[{"href":"http:\/\/www.manguerasya.com\/web\/wp-json\/wp\/v2\/media?parent=82"}],"curies":[{"name":"wp","href":"https:\/\/api.w.org\/{rel}","templated":true}]}}