{"id":105,"date":"2025-04-28T19:14:55","date_gmt":"2025-04-28T19:14:55","guid":{"rendered":"http:\/\/www.manguerasya.com\/web\/?page_id=105"},"modified":"2025-05-05T18:28:25","modified_gmt":"2025-05-05T18:28:25","slug":"contacto","status":"publish","type":"page","link":"http:\/\/www.manguerasya.com\/web\/contacto\/","title":{"rendered":"Contacto"},"content":{"rendered":"\n<div class=\"wp-block-group has-gradient-1-gradient-background has-background has-global-padding is-layout-constrained wp-container-core-group-is-layout-63a0b46f wp-block-group-is-layout-constrained\" style=\"margin-top:0;margin-bottom:0;padding-top:var(--wp--preset--spacing--50);padding-right:var(--wp--preset--spacing--20);padding-bottom:var(--wp--preset--spacing--50);padding-left:var(--wp--preset--spacing--20)\">\n<div class=\"wp-block-cover\" style=\"min-height:261px;aspect-ratio:unset;\"><img fetchpriority=\"high\" decoding=\"async\" width=\"612\" height=\"344\" class=\"wp-block-cover__image-background wp-image-233 size-full\" alt=\"\" src=\"https:\/\/www.manguerasya.com\/web\/wp-content\/uploads\/2025\/04\/istockphoto-1212230930-612x612-2.jpg\" data-object-fit=\"cover\" srcset=\"http:\/\/www.manguerasya.com\/web\/wp-content\/uploads\/2025\/04\/istockphoto-1212230930-612x612-2.jpg 612w, http:\/\/www.manguerasya.com\/web\/wp-content\/uploads\/2025\/04\/istockphoto-1212230930-612x612-2-300x169.jpg 300w, http:\/\/www.manguerasya.com\/web\/wp-content\/uploads\/2025\/04\/istockphoto-1212230930-612x612-2-600x337.jpg 600w\" sizes=\"(max-width: 612px) 100vw, 612px\" \/><span aria-hidden=\"true\" class=\"wp-block-cover__background has-background-dim\" style=\"background-color:#585d63\"><\/span><div class=\"wp-block-cover__inner-container has-global-padding is-layout-constrained wp-block-cover-is-layout-constrained\">\n<p class=\"has-text-align-center has-large-font-size\"><strong>CONTACTA CON MUNDO DE CONEXIONES  MANGUERAS Y FILTROS<\/strong><\/p>\n<\/div><\/div>\n\n\n\n<div class=\"wp-block-columns is-layout-flex wp-container-core-columns-is-layout-08c01c1c wp-block-columns-is-layout-flex\">\n<div class=\"wp-block-column is-vertically-aligned-center is-layout-flow wp-block-column-is-layout-flow\" style=\"flex-basis:40%\">\n<div class=\"wp-block-cover is-light\" style=\"min-height:606px;aspect-ratio:unset;\"><img decoding=\"async\" width=\"1421\" height=\"980\" class=\"wp-block-cover__image-background wp-image-230 size-full\" alt=\"\" src=\"https:\/\/www.manguerasya.com\/web\/wp-content\/uploads\/2025\/04\/natural-light-wood-background-free-photo.jpg\" data-object-fit=\"cover\" srcset=\"http:\/\/www.manguerasya.com\/web\/wp-content\/uploads\/2025\/04\/natural-light-wood-background-free-photo.jpg 1421w, http:\/\/www.manguerasya.com\/web\/wp-content\/uploads\/2025\/04\/natural-light-wood-background-free-photo-300x207.jpg 300w, http:\/\/www.manguerasya.com\/web\/wp-content\/uploads\/2025\/04\/natural-light-wood-background-free-photo-1024x706.jpg 1024w, http:\/\/www.manguerasya.com\/web\/wp-content\/uploads\/2025\/04\/natural-light-wood-background-free-photo-768x530.jpg 768w, http:\/\/www.manguerasya.com\/web\/wp-content\/uploads\/2025\/04\/natural-light-wood-background-free-photo-1320x910.jpg 1320w, http:\/\/www.manguerasya.com\/web\/wp-content\/uploads\/2025\/04\/natural-light-wood-background-free-photo-600x414.jpg 600w\" sizes=\"(max-width: 1421px) 100vw, 1421px\" \/><span aria-hidden=\"true\" class=\"wp-block-cover__background has-background-dim\" style=\"background-color:#eddbc5\"><\/span><div class=\"wp-block-cover__inner-container has-global-padding is-layout-constrained wp-block-cover-is-layout-constrained\">\n<p class=\"has-text-align-center has-large-font-size\"><strong><mark style=\"background-color:#3c76a5\" class=\"has-inline-color has-white-color\">\u00a1Tu mejor aliado en Mundo  Conexiones Mangueras y Filtros!<\/mark><\/strong><\/p>\n\n\n\n<p>En <strong>Mundo Conexiones Mangueras y Filtros<\/strong>, estamos siempre a la orden, comprometidos con satisfacer todas tus necesidades automotrices. Sabemos lo importante que es para ti contar con productos de alta calidad y un servicio excepcional.<\/p>\n\n\n\n<p>\ud83d\udd27<strong> <\/strong>Venta y reparaci\u00f3n de mangueras de autom\u00f3viles, adaptaciones de frenos de aire, filtros, tornillos y mucho m\u00e1s. Seas un profesional del automotor o un entusiasta, tenemos todo lo que necesitas para que tu veh\u00edculo funcione a la perfecci\u00f3n.<\/p>\n\n\n\n<p>\ud83d\udcac<strong> Asesor\u00eda personalizada:<\/strong> Nuestro equipo de expertos est\u00e1 listo para escucharte y brindarte soluciones adecuadas a tus requerimientos. Tu tranquilidad es nuestro objetivo.<\/p>\n\n\n\n<div class=\"wp-block-columns is-layout-flex wp-container-core-columns-is-layout-28f84493 wp-block-columns-is-layout-flex\">\n<div class=\"wp-block-column is-layout-flow wp-block-column-is-layout-flow\">\n<figure class=\"wp-block-gallery has-nested-images columns-default is-cropped wp-block-gallery-1 is-layout-flex wp-block-gallery-is-layout-flex\">\n<figure class=\"wp-block-image size-large\"><img decoding=\"async\" width=\"1024\" height=\"1011\" data-id=\"438\" src=\"https:\/\/www.manguerasya.com\/web\/wp-content\/uploads\/2025\/04\/WhatsApp-Image-2025-04-30-at-9.14.05-AM-1-1024x1011.jpeg\" alt=\"\" class=\"wp-image-438\" srcset=\"http:\/\/www.manguerasya.com\/web\/wp-content\/uploads\/2025\/04\/WhatsApp-Image-2025-04-30-at-9.14.05-AM-1-1024x1011.jpeg 1024w, http:\/\/www.manguerasya.com\/web\/wp-content\/uploads\/2025\/04\/WhatsApp-Image-2025-04-30-at-9.14.05-AM-1-300x296.jpeg 300w, http:\/\/www.manguerasya.com\/web\/wp-content\/uploads\/2025\/04\/WhatsApp-Image-2025-04-30-at-9.14.05-AM-1-768x758.jpeg 768w, http:\/\/www.manguerasya.com\/web\/wp-content\/uploads\/2025\/04\/WhatsApp-Image-2025-04-30-at-9.14.05-AM-1-600x592.jpeg 600w, http:\/\/www.manguerasya.com\/web\/wp-content\/uploads\/2025\/04\/WhatsApp-Image-2025-04-30-at-9.14.05-AM-1-100x100.jpeg 100w, http:\/\/www.manguerasya.com\/web\/wp-content\/uploads\/2025\/04\/WhatsApp-Image-2025-04-30-at-9.14.05-AM-1.jpeg 1170w\" sizes=\"(max-width: 1024px) 100vw, 1024px\" \/><\/figure>\n<\/figure>\n<\/div>\n\n\n\n<div class=\"wp-block-column is-layout-flow wp-block-column-is-layout-flow\">\n<figure class=\"wp-block-gallery has-nested-images columns-default is-cropped wp-block-gallery-2 is-layout-flex wp-block-gallery-is-layout-flex\">\n<figure class=\"wp-block-image size-large\"><img loading=\"lazy\" decoding=\"async\" width=\"1024\" height=\"1022\" data-id=\"439\" src=\"https:\/\/www.manguerasya.com\/web\/wp-content\/uploads\/2025\/04\/WhatsApp-Image-2025-04-30-at-9.14.02-AM-2-1024x1022.jpeg\" alt=\"\" class=\"wp-image-439\" srcset=\"http:\/\/www.manguerasya.com\/web\/wp-content\/uploads\/2025\/04\/WhatsApp-Image-2025-04-30-at-9.14.02-AM-2-1024x1022.jpeg 1024w, http:\/\/www.manguerasya.com\/web\/wp-content\/uploads\/2025\/04\/WhatsApp-Image-2025-04-30-at-9.14.02-AM-2-300x300.jpeg 300w, http:\/\/www.manguerasya.com\/web\/wp-content\/uploads\/2025\/04\/WhatsApp-Image-2025-04-30-at-9.14.02-AM-2-150x150.jpeg 150w, http:\/\/www.manguerasya.com\/web\/wp-content\/uploads\/2025\/04\/WhatsApp-Image-2025-04-30-at-9.14.02-AM-2-768x767.jpeg 768w, http:\/\/www.manguerasya.com\/web\/wp-content\/uploads\/2025\/04\/WhatsApp-Image-2025-04-30-at-9.14.02-AM-2-600x599.jpeg 600w, http:\/\/www.manguerasya.com\/web\/wp-content\/uploads\/2025\/04\/WhatsApp-Image-2025-04-30-at-9.14.02-AM-2-100x100.jpeg 100w, http:\/\/www.manguerasya.com\/web\/wp-content\/uploads\/2025\/04\/WhatsApp-Image-2025-04-30-at-9.14.02-AM-2.jpeg 1170w\" sizes=\"(max-width: 1024px) 100vw, 1024px\" \/><\/figure>\n<\/figure>\n<\/div>\n<\/div>\n<\/div><\/div>\n<\/div>\n\n\n\n<div class=\"wp-block-column is-layout-flow wp-block-column-is-layout-flow\">\n<div class=\"wp-block-group has-global-padding is-layout-constrained wp-block-group-is-layout-constrained\" style=\"margin-top:0;margin-bottom:0\">\n<div class=\"wp-block-columns is-layout-flex wp-container-core-columns-is-layout-a5cf46d6 wp-block-columns-is-layout-flex\" style=\"margin-bottom:var(--wp--preset--spacing--40)\">\n<div class=\"wp-block-column is-layout-flow wp-block-column-is-layout-flow\" style=\"border-style:none;border-width:0px;padding-top:0;padding-right:0;padding-bottom:0;padding-left:0\">\n<figure class=\"wp-block-gallery has-nested-images columns-default is-cropped wp-block-gallery-3 is-layout-flex wp-block-gallery-is-layout-flex\">\n<figure class=\"wp-block-image size-large\"><img loading=\"lazy\" decoding=\"async\" width=\"768\" height=\"1024\" data-id=\"308\" src=\"https:\/\/www.manguerasya.com\/web\/wp-content\/uploads\/2025\/04\/WhatsApp-Image-2025-04-29-at-2.45.35-PM-7-768x1024.jpeg\" alt=\"\" class=\"wp-image-308\" srcset=\"http:\/\/www.manguerasya.com\/web\/wp-content\/uploads\/2025\/04\/WhatsApp-Image-2025-04-29-at-2.45.35-PM-7-768x1024.jpeg 768w, http:\/\/www.manguerasya.com\/web\/wp-content\/uploads\/2025\/04\/WhatsApp-Image-2025-04-29-at-2.45.35-PM-7-225x300.jpeg 225w, http:\/\/www.manguerasya.com\/web\/wp-content\/uploads\/2025\/04\/WhatsApp-Image-2025-04-29-at-2.45.35-PM-7-600x800.jpeg 600w, http:\/\/www.manguerasya.com\/web\/wp-content\/uploads\/2025\/04\/WhatsApp-Image-2025-04-29-at-2.45.35-PM-7.jpeg 960w\" sizes=\"(max-width: 768px) 100vw, 768px\" \/><\/figure>\n<\/figure>\n<\/div>\n\n\n\n<div class=\"wp-block-column is-layout-flow wp-block-column-is-layout-flow\" style=\"border-style:none;border-width:0px;padding-top:0;padding-right:0;padding-bottom:0;padding-left:0\">\n<figure class=\"wp-block-image size-large\"><img loading=\"lazy\" decoding=\"async\" width=\"610\" height=\"348\" src=\"https:\/\/www.manguerasya.com\/web\/wp-content\/uploads\/2025\/04\/WhatsApp-Image-2025-04-29-at-8.57.50-AM-3.jpeg\" alt=\"\" class=\"wp-image-237\" srcset=\"http:\/\/www.manguerasya.com\/web\/wp-content\/uploads\/2025\/04\/WhatsApp-Image-2025-04-29-at-8.57.50-AM-3.jpeg 610w, http:\/\/www.manguerasya.com\/web\/wp-content\/uploads\/2025\/04\/WhatsApp-Image-2025-04-29-at-8.57.50-AM-3-300x171.jpeg 300w, http:\/\/www.manguerasya.com\/web\/wp-content\/uploads\/2025\/04\/WhatsApp-Image-2025-04-29-at-8.57.50-AM-3-600x342.jpeg 600w\" sizes=\"(max-width: 610px) 100vw, 610px\" \/><\/figure>\n\n\n\n<div style=\"height:0px\" aria-hidden=\"true\" class=\"wp-block-spacer\"><\/div>\n\n\n\n<figure class=\"wp-block-gallery has-nested-images columns-default is-cropped wp-block-gallery-4 is-layout-flex wp-block-gallery-is-layout-flex\">\n<figure class=\"wp-block-image size-full\"><img loading=\"lazy\" decoding=\"async\" width=\"942\" height=\"810\" data-id=\"472\" src=\"http:\/\/www.manguerasya.com\/web\/wp-content\/uploads\/2025\/05\/WhatsApp-Image-2025-05-05-at-2.22.22-PM-1.jpeg\" alt=\"\" class=\"wp-image-472\" srcset=\"http:\/\/www.manguerasya.com\/web\/wp-content\/uploads\/2025\/05\/WhatsApp-Image-2025-05-05-at-2.22.22-PM-1.jpeg 942w, http:\/\/www.manguerasya.com\/web\/wp-content\/uploads\/2025\/05\/WhatsApp-Image-2025-05-05-at-2.22.22-PM-1-300x258.jpeg 300w, http:\/\/www.manguerasya.com\/web\/wp-content\/uploads\/2025\/05\/WhatsApp-Image-2025-05-05-at-2.22.22-PM-1-768x660.jpeg 768w, http:\/\/www.manguerasya.com\/web\/wp-content\/uploads\/2025\/05\/WhatsApp-Image-2025-05-05-at-2.22.22-PM-1-600x516.jpeg 600w\" sizes=\"(max-width: 942px) 100vw, 942px\" \/><\/figure>\n<\/figure>\n<\/div>\n<\/div>\n\n\n\n<div class=\"wp-block-group has-global-padding is-layout-constrained wp-block-group-is-layout-constrained\">\n<div class=\"wp-block-columns is-layout-flex wp-container-core-columns-is-layout-28f84493 wp-block-columns-is-layout-flex\">\n<div class=\"wp-block-column is-layout-flow wp-block-column-is-layout-flow\" style=\"flex-basis:100%\">\n<div class=\"wp-block-group has-global-padding is-layout-constrained wp-block-group-is-layout-constrained\">\n<div style=\"height:0px\" aria-hidden=\"true\" class=\"wp-block-spacer\"><\/div>\n<\/div>\n<\/div>\n<\/div>\n<\/div>\n\n\n\n<div class=\"wp-block-columns is-layout-flex wp-container-core-columns-is-layout-28f84493 wp-block-columns-is-layout-flex\">\n<div class=\"wp-block-column is-style-section-1 is-layout-flow wp-block-column-is-layout-flow is-style-section-1--5\" style=\"border-style:none;border-width:0px;padding-top:0;padding-right:0;padding-bottom:0;padding-left:0\">\n<figure class=\"wp-block-image aligncenter size-full is-resized wp-duotone-rgb059164-rgb059164-6\"><img decoding=\"async\" src=\"http:\/\/www.manguerasya.com\/web\/wp-content\/themes\/digitalgrove\/assets\/images\/icon-3.png\" alt=\"\" class=\"wp-image-59\" style=\"width:52px;height:auto\"\/><\/figure>\n\n\n\n<h3 class=\"wp-block-heading has-text-align-center\" style=\"margin-top:1.5rem;line-height:1.2\"><strong>Tel\u00e9fono<\/strong><\/h3>\n\n\n\n<p class=\"has-text-align-center\"><strong>+58 0424-1511025<\/strong><\/p>\n<\/div>\n\n\n\n<div class=\"wp-block-column is-style-section-1 is-layout-flow wp-block-column-is-layout-flow is-style-section-1--7\" style=\"border-style:none;border-width:0px;padding-top:0;padding-right:0;padding-bottom:0;padding-left:0\">\n<figure class=\"wp-block-image aligncenter size-full is-resized wp-duotone-rgb059164-rgb059164-8\"><img loading=\"lazy\" decoding=\"async\" width=\"512\" height=\"512\" src=\"https:\/\/www.manguerasya.com\/web\/wp-content\/uploads\/2025\/04\/254583.png\" alt=\"\" class=\"wp-image-313\" style=\"width:69px;height:auto\" srcset=\"http:\/\/www.manguerasya.com\/web\/wp-content\/uploads\/2025\/04\/254583.png 512w, http:\/\/www.manguerasya.com\/web\/wp-content\/uploads\/2025\/04\/254583-300x300.png 300w, http:\/\/www.manguerasya.com\/web\/wp-content\/uploads\/2025\/04\/254583-150x150.png 150w, http:\/\/www.manguerasya.com\/web\/wp-content\/uploads\/2025\/04\/254583-100x100.png 100w\" sizes=\"(max-width: 512px) 100vw, 512px\" \/><\/figure>\n\n\n\n<h3 class=\"wp-block-heading has-text-align-center\" style=\"margin-top:1.5rem;line-height:1.2\"><strong>Correo<\/strong><\/h3>\n\n\n\n<p class=\"has-text-align-center\"><strong>mundoconexionesmyf@gmail.com<\/strong><\/p>\n<\/div>\n\n\n\n<div class=\"wp-block-column is-style-section-1 is-layout-flow wp-block-column-is-layout-flow is-style-section-1--9\" style=\"border-style:none;border-width:0px;padding-top:0;padding-right:0;padding-bottom:0;padding-left:0\">\n<figure class=\"wp-block-image aligncenter size-full is-resized wp-duotone-rgb059164-rgb059164-10\"><img loading=\"lazy\" decoding=\"async\" width=\"360\" height=\"360\" src=\"https:\/\/www.manguerasya.com\/web\/wp-content\/uploads\/2025\/04\/pngtree-location-icon-red-vector-png-image_12859186.png\" alt=\"\" class=\"wp-image-315\" style=\"width:69px;height:auto\" srcset=\"http:\/\/www.manguerasya.com\/web\/wp-content\/uploads\/2025\/04\/pngtree-location-icon-red-vector-png-image_12859186.png 360w, http:\/\/www.manguerasya.com\/web\/wp-content\/uploads\/2025\/04\/pngtree-location-icon-red-vector-png-image_12859186-300x300.png 300w, http:\/\/www.manguerasya.com\/web\/wp-content\/uploads\/2025\/04\/pngtree-location-icon-red-vector-png-image_12859186-150x150.png 150w, http:\/\/www.manguerasya.com\/web\/wp-content\/uploads\/2025\/04\/pngtree-location-icon-red-vector-png-image_12859186-100x100.png 100w\" sizes=\"(max-width: 360px) 100vw, 360px\" \/><\/figure>\n\n\n\n<h3 class=\"wp-block-heading has-text-align-center\" style=\"margin-top:1.5rem;line-height:1.2\"><strong>Ubicaci\u00f3n<\/strong><\/h3>\n\n\n\n<p><strong>Caracas, Venezuela, Av Francisco Solano L\u00f3pez<\/strong><\/p>\n<\/div>\n<\/div>\n<\/div>\n<\/div>\n<\/div>\n\n\n\n<div class=\"wp-block-columns is-layout-flex wp-container-core-columns-is-layout-28f84493 wp-block-columns-is-layout-flex\">\n<div class=\"wp-block-column is-layout-flow wp-block-column-is-layout-flow\">\n<div style=\"height:1px\" aria-hidden=\"true\" class=\"wp-block-spacer\"><\/div>\n\n\n\n<figure class=\"wp-block-video\"><video controls src=\"http:\/\/www.manguerasya.com\/web\/wp-content\/uploads\/2025\/04\/WhatsApp-Video-2025-04-29-at-2.01.07-PM.mp4\"><\/video><\/figure>\n<\/div>\n\n\n\n<div class=\"wp-block-column is-layout-flow wp-block-column-is-layout-flow\">\n<div style=\"height:0px\" aria-hidden=\"true\" class=\"wp-block-spacer\"><\/div>\n\n\n\n<figure class=\"wp-block-gallery has-nested-images columns-default is-cropped wp-block-gallery-11 is-layout-flex wp-block-gallery-is-layout-flex\">\n<figure class=\"wp-block-image size-large\"><img loading=\"lazy\" decoding=\"async\" width=\"584\" height=\"1024\" data-id=\"240\" src=\"https:\/\/www.manguerasya.com\/web\/wp-content\/uploads\/2025\/04\/WhatsApp-Image-2025-04-29-at-1.23.51-PM-2-584x1024.jpeg\" alt=\"\" class=\"wp-image-240\" srcset=\"http:\/\/www.manguerasya.com\/web\/wp-content\/uploads\/2025\/04\/WhatsApp-Image-2025-04-29-at-1.23.51-PM-2-584x1024.jpeg 584w, http:\/\/www.manguerasya.com\/web\/wp-content\/uploads\/2025\/04\/WhatsApp-Image-2025-04-29-at-1.23.51-PM-2-171x300.jpeg 171w, http:\/\/www.manguerasya.com\/web\/wp-content\/uploads\/2025\/04\/WhatsApp-Image-2025-04-29-at-1.23.51-PM-2-600x1053.jpeg 600w, http:\/\/www.manguerasya.com\/web\/wp-content\/uploads\/2025\/04\/WhatsApp-Image-2025-04-29-at-1.23.51-PM-2.jpeg 729w\" sizes=\"(max-width: 584px) 100vw, 584px\" \/><\/figure>\n<\/figure>\n<\/div>\n\n\n\n<div class=\"wp-block-column is-layout-flow wp-block-column-is-layout-flow\">\n<div style=\"height:0px\" aria-hidden=\"true\" class=\"wp-block-spacer\"><\/div>\n\n\n\n<figure class=\"wp-block-video\"><video controls src=\"https:\/\/www.manguerasya.com\/web\/wp-content\/uploads\/2025\/04\/WhatsApp-Video-2025-04-29-at-2.07.26-PM-1.mp4\"><\/video><\/figure>\n<\/div>\n<\/div>\n<\/div>\n\n\n\n<div class=\"wp-block-columns is-layout-flex wp-container-core-columns-is-layout-28f84493 wp-block-columns-is-layout-flex\">\n<div class=\"wp-block-column is-layout-flow wp-block-column-is-layout-flow\" style=\"flex-basis:100%\">\n<div class=\"wp-block-cover\" style=\"min-height:184px;aspect-ratio:unset;\"><span aria-hidden=\"true\" class=\"wp-block-cover__background has-primary-background-color has-background-dim-100 has-background-dim\"><\/span><div class=\"wp-block-cover__inner-container has-global-padding is-layout-constrained wp-block-cover-is-layout-constrained\">\n<div class=\"wp-block-columns is-layout-flex wp-container-core-columns-is-layout-28f84493 wp-block-columns-is-layout-flex\">\n<div class=\"wp-block-column is-style-default is-layout-flow wp-block-column-is-layout-flow\">\n<div class=\"wp-block-group is-nowrap is-layout-flex wp-container-core-group-is-layout-6c531013 wp-block-group-is-layout-flex\">\n<div style=\"height:20px;width:0px\" aria-hidden=\"true\" class=\"wp-block-spacer wp-container-content-9760934e\"><\/div>\n\n\n\n<p><iframe title=\"Av Francisco Solano L\u00f3pez Caracas Venezuela\" src=\"https:\/\/maps.google.com\/maps?q=Av%20Francisco%20Solano%20L%C3%B3pez%20Caracas%20Venezuela&amp;t=m&amp;z=12&amp;output=embed&amp;iwloc=near\" aria-label=\"Av Francisco Solano L\u00f3pez Caracas Venezuela\"><\/iframe><\/p>\n\n\n\n<div style=\"height:100px;width:73px\" aria-hidden=\"true\" class=\"wp-block-spacer wp-container-content-d6591b84\"><\/div>\n\n\n\n<p><strong>NUESTRA UBICACI\u00d3N<\/strong> <strong>PARA TI<\/strong><\/p>\n<\/div>\n<\/div>\n\n\n\n<div class=\"wp-block-column is-layout-flow wp-block-column-is-layout-flow\">\n<figure class=\"wp-block-gallery has-nested-images columns-default is-cropped wp-block-gallery-12 is-layout-flex wp-block-gallery-is-layout-flex\">\n<figure class=\"wp-block-image size-large\"><img loading=\"lazy\" decoding=\"async\" width=\"1024\" height=\"768\" data-id=\"305\" src=\"https:\/\/www.manguerasya.com\/web\/wp-content\/uploads\/2025\/04\/WhatsApp-Image-2025-04-29-at-2.45.34-PM-8-1024x768.jpeg\" alt=\"\" class=\"wp-image-305\" srcset=\"http:\/\/www.manguerasya.com\/web\/wp-content\/uploads\/2025\/04\/WhatsApp-Image-2025-04-29-at-2.45.34-PM-8-1024x768.jpeg 1024w, http:\/\/www.manguerasya.com\/web\/wp-content\/uploads\/2025\/04\/WhatsApp-Image-2025-04-29-at-2.45.34-PM-8-300x225.jpeg 300w, http:\/\/www.manguerasya.com\/web\/wp-content\/uploads\/2025\/04\/WhatsApp-Image-2025-04-29-at-2.45.34-PM-8-768x576.jpeg 768w, http:\/\/www.manguerasya.com\/web\/wp-content\/uploads\/2025\/04\/WhatsApp-Image-2025-04-29-at-2.45.34-PM-8-600x450.jpeg 600w, http:\/\/www.manguerasya.com\/web\/wp-content\/uploads\/2025\/04\/WhatsApp-Image-2025-04-29-at-2.45.34-PM-8.jpeg 1280w\" sizes=\"(max-width: 1024px) 100vw, 1024px\" \/><\/figure>\n\n\n\n<figure class=\"wp-block-image size-large\"><img loading=\"lazy\" decoding=\"async\" width=\"1024\" height=\"768\" data-id=\"293\" src=\"https:\/\/www.manguerasya.com\/web\/wp-content\/uploads\/2025\/04\/WhatsApp-Image-2025-04-29-at-2.45.35-PM-3-2-1024x768.jpeg\" alt=\"\" class=\"wp-image-293\" srcset=\"http:\/\/www.manguerasya.com\/web\/wp-content\/uploads\/2025\/04\/WhatsApp-Image-2025-04-29-at-2.45.35-PM-3-2-1024x768.jpeg 1024w, http:\/\/www.manguerasya.com\/web\/wp-content\/uploads\/2025\/04\/WhatsApp-Image-2025-04-29-at-2.45.35-PM-3-2-300x225.jpeg 300w, http:\/\/www.manguerasya.com\/web\/wp-content\/uploads\/2025\/04\/WhatsApp-Image-2025-04-29-at-2.45.35-PM-3-2-768x576.jpeg 768w, http:\/\/www.manguerasya.com\/web\/wp-content\/uploads\/2025\/04\/WhatsApp-Image-2025-04-29-at-2.45.35-PM-3-2-600x450.jpeg 600w, http:\/\/www.manguerasya.com\/web\/wp-content\/uploads\/2025\/04\/WhatsApp-Image-2025-04-29-at-2.45.35-PM-3-2.jpeg 1280w\" sizes=\"(max-width: 1024px) 100vw, 1024px\" \/><\/figure>\n<\/figure>\n<\/div>\n<\/div>\n<\/div><\/div>\n<\/div>\n<\/div>\n","protected":false},"excerpt":{"rendered":"<p>Tel\u00e9fono +58 0424-1511025 Correo mundoconexionesmyf@gmail.com Ubicaci\u00f3n Caracas, Venezuela, Av Francisco Solano L\u00f3pez<\/p>\n","protected":false},"author":1,"featured_media":0,"parent":0,"menu_order":0,"comment_status":"closed","ping_status":"closed","template":"","meta":{"footnotes":""},"class_list":["post-105","page","type-page","status-publish","hentry"],"jetpack_sharing_enabled":true,"_links":{"self":[{"href":"http:\/\/www.manguerasya.com\/web\/wp-json\/wp\/v2\/pages\/105","targetHints":{"allow":["GET"]}}],"collection":[{"href":"http:\/\/www.manguerasya.com\/web\/wp-json\/wp\/v2\/pages"}],"about":[{"href":"http:\/\/www.manguerasya.com\/web\/wp-json\/wp\/v2\/types\/page"}],"author":[{"embeddable":true,"href":"http:\/\/www.manguerasya.com\/web\/wp-json\/wp\/v2\/users\/1"}],"replies":[{"embeddable":true,"href":"http:\/\/www.manguerasya.com\/web\/wp-json\/wp\/v2\/comments?post=105"}],"version-history":[{"count":55,"href":"http:\/\/www.manguerasya.com\/web\/wp-json\/wp\/v2\/pages\/105\/revisions"}],"predecessor-version":[{"id":473,"href":"http:\/\/www.manguerasya.com\/web\/wp-json\/wp\/v2\/pages\/105\/revisions\/473"}],"wp:attachment":[{"href":"http:\/\/www.manguerasya.com\/web\/wp-json\/wp\/v2\/media?parent=105"}],"curies":[{"name":"wp","href":"https:\/\/api.w.org\/{rel}","templated":true}]}}